{"id":640,"date":"2024-12-15T23:57:40","date_gmt":"2024-12-15T21:57:40","guid":{"rendered":"https:\/\/dtselectrainstal.ro\/wp\/?post_type=product&#038;p=640"},"modified":"2025-08-05T13:46:24","modified_gmt":"2025-08-05T10:46:24","slug":"panou-audio-pass-analogic","status":"publish","type":"product","link":"https:\/\/dtselectrainstal.ro\/wp\/product\/panou-audio-pass-analogic\/","title":{"rendered":"PANOU AUDIO Pass Analogic"},"content":{"rendered":"<p>PANOU AUDIO Pass Analogic &#8211; BLOCURI &#8211; max. 255 apartamente<\/p>\n<p>Carcas\u0103 din INOX, display electronic pentru list\u0103 locatari \u0219i afi\u0219are status utilizare, tastatur\u0103 clasic\u0103 iluminat\u0103, acces cu card RFID, gam\u0103 temperaturi func\u021bionare -30&#8230;+80OC, montaj pe suprafa\u021b\u0103, 283 x 126 x 43 mm.<\/p>\n<p>Culoare: GRI metalic (INOX)<\/p>\n","protected":false},"excerpt":{"rendered":"<p>PANOU AUDIO Pass Analogic &#8211; BLOCURI &#8211; max. 255 apartamente<\/p>\n<p>Carcas\u0103 din INOX, display electronic pentru list\u0103 locatari \u0219i afi\u0219are status utilizare, tastatur\u0103 clasic\u0103 iluminat\u0103, acces cu card RFID, gam\u0103 temperaturi func\u021bionare -30&#8230;+80OC, montaj pe suprafa\u021b\u0103, 283 x 126 x 43 mm.<\/p>\n<p>Culoare: GRI metalic (INOX)<\/p>\n","protected":false},"featured_media":641,"template":"","meta":{"_siteseo_robots_primary_cat":"17","pagelayer_contact_templates":[],"_pagelayer_content":""},"product_cat":[17],"product_tag":[],"class_list":{"0":"post-640","1":"product","2":"type-product","3":"status-publish","4":"has-post-thumbnail","6":"product_cat-interfoaneaudio","8":"first","9":"instock","10":"taxable","11":"shipping-taxable","12":"product-type-simple"},"_links":{"self":[{"href":"https:\/\/dtselectrainstal.ro\/wp\/wp-json\/wp\/v2\/product\/640","targetHints":{"allow":["GET"]}}],"collection":[{"href":"https:\/\/dtselectrainstal.ro\/wp\/wp-json\/wp\/v2\/product"}],"about":[{"href":"https:\/\/dtselectrainstal.ro\/wp\/wp-json\/wp\/v2\/types\/product"}],"wp:featuredmedia":[{"embeddable":true,"href":"https:\/\/dtselectrainstal.ro\/wp\/wp-json\/wp\/v2\/media\/641"}],"wp:attachment":[{"href":"https:\/\/dtselectrainstal.ro\/wp\/wp-json\/wp\/v2\/media?parent=640"}],"wp:term":[{"taxonomy":"product_cat","embeddable":true,"href":"https:\/\/dtselectrainstal.ro\/wp\/wp-json\/wp\/v2\/product_cat?post=640"},{"taxonomy":"product_tag","embeddable":true,"href":"https:\/\/dtselectrainstal.ro\/wp\/wp-json\/wp\/v2\/product_tag?post=640"}],"curies":[{"name":"wp","href":"https:\/\/api.w.org\/{rel}","templated":true}]}}