{"id":624,"date":"2024-12-15T23:13:33","date_gmt":"2024-12-15T21:13:33","guid":{"rendered":"https:\/\/dtselectrainstal.ro\/wp\/?post_type=product&#038;p=624"},"modified":"2025-08-05T13:48:24","modified_gmt":"2025-08-05T10:48:24","slug":"terminal-video-4-3-classic","status":"publish","type":"product","link":"https:\/\/dtselectrainstal.ro\/wp\/product\/terminal-video-4-3-classic\/","title":{"rendered":"TERMINAL VIDEO 4.3\u201d Classic"},"content":{"rendered":"<p>Ecran STICL\u0102, carcas\u0103 ABS, display 480 x 3(RGB) x 272, tastatur\u0103 TOUCH iluminat\u0103, 96 x 170 x 22 mm;<\/p>\n<p>Func\u021biuni: apel, r\u0103spuns, convorbire semi-duplex, acces;<\/p>\n<p>Set\u0103ri: 2 nivele de volum, MUTE.<\/p>\n<p>Culoare: NEGRU<\/p>\n","protected":false},"excerpt":{"rendered":"<p>Ecran STICL\u0102, carcas\u0103 ABS, display 480 x 3(RGB) x 272, tastatur\u0103 TOUCH iluminat\u0103, 96 x 170 x 22 mm;<\/p>\n<p>Func\u021biuni: apel, r\u0103spuns, convorbire semi-duplex, acces;<\/p>\n<p>Set\u0103ri: 2 nivele de volum, MUTE.<\/p>\n<p>Culoare: NEGRU<\/p>\n","protected":false},"featured_media":625,"template":"","meta":{"_siteseo_robots_primary_cat":"15","pagelayer_contact_templates":[],"_pagelayer_content":""},"product_cat":[15],"product_tag":[],"class_list":{"0":"post-624","1":"product","2":"type-product","3":"status-publish","4":"has-post-thumbnail","6":"product_cat-interfoanevideo","8":"first","9":"instock","10":"taxable","11":"shipping-taxable","12":"product-type-simple"},"_links":{"self":[{"href":"https:\/\/dtselectrainstal.ro\/wp\/wp-json\/wp\/v2\/product\/624","targetHints":{"allow":["GET"]}}],"collection":[{"href":"https:\/\/dtselectrainstal.ro\/wp\/wp-json\/wp\/v2\/product"}],"about":[{"href":"https:\/\/dtselectrainstal.ro\/wp\/wp-json\/wp\/v2\/types\/product"}],"wp:featuredmedia":[{"embeddable":true,"href":"https:\/\/dtselectrainstal.ro\/wp\/wp-json\/wp\/v2\/media\/625"}],"wp:attachment":[{"href":"https:\/\/dtselectrainstal.ro\/wp\/wp-json\/wp\/v2\/media?parent=624"}],"wp:term":[{"taxonomy":"product_cat","embeddable":true,"href":"https:\/\/dtselectrainstal.ro\/wp\/wp-json\/wp\/v2\/product_cat?post=624"},{"taxonomy":"product_tag","embeddable":true,"href":"https:\/\/dtselectrainstal.ro\/wp\/wp-json\/wp\/v2\/product_tag?post=624"}],"curies":[{"name":"wp","href":"https:\/\/api.w.org\/{rel}","templated":true}]}}